{"id":44,"date":"2023-03-11T15:54:09","date_gmt":"2023-03-11T15:54:09","guid":{"rendered":"https:\/\/jordialbert.com\/?page_id=44"},"modified":"2023-07-29T17:05:42","modified_gmt":"2023-07-29T17:05:42","slug":"home","status":"publish","type":"page","link":"https:\/\/jordialbert.com\/es\/","title":{"rendered":"Inicio"},"content":{"rendered":"\n<p>Soy un artista interesado en la educaci\u00f3n y un educador interesado en el arte; eso depende del d\u00eda y del lugar.<\/p>\n\n\n\n<p>Camino, como ni\u00f1o, agarrado de sus manos. A veces, me llevan saltando de alegr\u00eda, y otras, con la firmeza de la vocaci\u00f3n (que no es m\u00eda sino de ellos).<\/p>\n\n\n\n<p>Vamos a las escuelas, a los conservatorios, al escenario. Juntos en cualquier lugar: siempre juntos.<\/p>\n\n\n\n<p>La investigaci\u00f3n alborota mis pies y los hace correr de un lado al otro, me obliga a toquetearlo todo y me ayuda, tambi\u00e9n, a saber parar, a escuchar. Pero sobretodo me dice cada d\u00eda, junto a la m\u00fasica y la pedagog\u00eda que <strong>soy un eterno aprendiz<\/strong>.&nbsp;<\/p>\n\n\n\n<p>Encontr\u00e9 en la investigaci\u00f3n la manera de reunir estos dos mundos. Porque la investigaci\u00f3n me abre a la experimentaci\u00f3n en la m\u00fasica, me ayuda a tocar mejor lo que ya se escribi\u00f3 y tambi\u00e9n a imaginarme lo que est\u00e1 por hacer.<\/p>\n\n\n\n<p>Y en la educaci\u00f3n, m\u00e1s o menos lo mismo. La investigaci\u00f3n me ha ense\u00f1ado a leer con respeto lo que se ha escrito, a escuchar a los y las expertas, a pensar en que todos podemos acertar o estar equivocados. A que tanto de la idea m\u00e1s obvia como de la m\u00e1s descabellada hay algo interesante que aprender.<\/p>\n","protected":false},"excerpt":{"rendered":"<p>Soy un artista interesado en la educaci\u00f3n y un educador interesado en el arte; eso depende del d\u00eda y del lugar. Camino, como ni\u00f1o, agarrado de sus manos. A veces, [&hellip;]<\/p>\n","protected":false},"author":1,"featured_media":0,"parent":0,"menu_order":0,"comment_status":"closed","ping_status":"closed","template":"","meta":{"_genesis_hide_title":false,"_genesis_hide_breadcrumbs":false,"_genesis_hide_singular_image":false,"_genesis_hide_footer_widgets":false,"_genesis_custom_body_class":"","_genesis_custom_post_class":"","_genesis_layout":"","footnotes":""},"class_list":["post-44","page","type-page","status-publish","entry"],"featured_image_src":null,"featured_image_src_square":null,"_links":{"self":[{"href":"https:\/\/jordialbert.com\/es\/wp-json\/wp\/v2\/pages\/44","targetHints":{"allow":["GET"]}}],"collection":[{"href":"https:\/\/jordialbert.com\/es\/wp-json\/wp\/v2\/pages"}],"about":[{"href":"https:\/\/jordialbert.com\/es\/wp-json\/wp\/v2\/types\/page"}],"author":[{"embeddable":true,"href":"https:\/\/jordialbert.com\/es\/wp-json\/wp\/v2\/users\/1"}],"replies":[{"embeddable":true,"href":"https:\/\/jordialbert.com\/es\/wp-json\/wp\/v2\/comments?post=44"}],"version-history":[{"count":35,"href":"https:\/\/jordialbert.com\/es\/wp-json\/wp\/v2\/pages\/44\/revisions"}],"predecessor-version":[{"id":799,"href":"https:\/\/jordialbert.com\/es\/wp-json\/wp\/v2\/pages\/44\/revisions\/799"}],"wp:attachment":[{"href":"https:\/\/jordialbert.com\/es\/wp-json\/wp\/v2\/media?parent=44"}],"curies":[{"name":"wp","href":"https:\/\/api.w.org\/{rel}","templated":true}]}}