{"id":2,"date":"2023-03-10T08:42:38","date_gmt":"2023-03-10T08:42:38","guid":{"rendered":"https:\/\/jordialbert.com\/?page_id=2"},"modified":"2023-07-31T00:39:29","modified_gmt":"2023-07-31T00:39:29","slug":"musician","status":"publish","type":"page","link":"https:\/\/jordialbert.com\/es\/musician\/","title":{"rendered":"M\u00fasico"},"content":{"rendered":"\n<div class=\"wp-block-genesis-blocks-gb-columns gpb-slate-section-hero-title gb-layout-columns-1 one-column gb-has-background-dim gb-has-background-dim-20 gb-background-cover gb-background-no-repeat gb-has-custom-background-color gb-has-custom-text-color gb-columns-center alignfull\" style=\"padding-top:5em;padding-right:1em;padding-bottom:5em;padding-left:1em;background-color:#1f1f1f;color:#f5f5f5;background-image:url(https:\/\/jordialbert.com\/wp-content\/uploads\/2023\/03\/MeridaHotJazzSociety.jpeg);background-position:51% 40%\"><div class=\"gb-layout-column-wrap gb-block-layout-column-gap-1 gb-is-responsive-column\" style=\"max-width:1200px\">\n<div class=\"wp-block-genesis-blocks-gb-column gb-block-layout-column\"><div class=\"gb-block-layout-column-inner\">\n<div class=\"wp-block-genesis-blocks-gb-columns gb-layout-columns-2 gb-2-col-wideleft gb-columns-center alignfull\"><div class=\"gb-layout-column-wrap gb-block-layout-column-gap-8 gb-is-responsive-column\" style=\"max-width:1200px\">\n<div class=\"wp-block-genesis-blocks-gb-column gb-block-layout-column gb-is-vertically-aligned-top\"><div class=\"gb-block-layout-column-inner\">\n<h2 class=\"wp-block-heading has-text-color\" style=\"color:#f5f5f5;font-size:60px\">M\u00fasico<\/h2>\n\n\n\n<p class=\"has-text-color\" style=\"color:#f5f5f5\"><\/p>\n<\/div><\/div>\n\n\n\n<div class=\"wp-block-genesis-blocks-gb-column gb-block-layout-column gb-is-vertically-aligned-center\"><div class=\"gb-block-layout-column-inner\">\n<p><\/p>\n<\/div><\/div>\n<\/div><\/div>\n<\/div><\/div>\n<\/div><\/div>\n\n\n\n<div style=\"color:#ddd\" class=\"wp-block-genesis-blocks-gb-spacer gb-block-spacer gb-divider-solid gb-divider-size-1\"><hr style=\"height:30px\"\/><\/div>\n\n\n\n<p><em>He tenido el enorme honor de tocar en diferentes escenarios de Europa, Estados Unidos, Canad\u00e1,\u00a0 Am\u00e9rica Latina y \u00c1frica.<\/em><\/p>\n\n\n\n<p><em>Desde muy jovencito me ha interesado la m\u00fasica de tradici\u00f3n oral. Como muchos m\u00fasicos valencianos aprend\u00ed en una banda de m\u00fasica y estudi\u00e9 en el conservatorio pero muy pronto me acerqu\u00e9 al jazz tradicional y al g\u00e9nero del World Music.<\/em><\/p>\n\n\n\n<p><em>He fundado varias bandas dentro de estos estilos habiendo representado a Espa\u00f1a en diversos festivales internacionales a trav\u00e9s de los premios INJUVE. En campo de la m\u00fasica cl\u00e1sica, despu\u00e9s de estudiar en el conservatorio y tener varias experiencias en orquestas j\u00f3venes, me interes\u00e9 por la interpretaci\u00f3n hist\u00f3ricamente informada.\u00a0<br>Actualmente, tengo varios proyectos activos en una agenda habitual de conciertos que podr\u00e1s consultar <a href=\"https:\/\/jordialbert.com\/es\/eventos\/lista\/\">aqu\u00ed<\/a>.<\/em><\/p>\n\n\n\n<ul class=\"wp-block-list\">\n<li><a href=\"#4wbb\">4th &amp; West Big Band<\/a><\/li>\n\n\n\n<li><a href=\"#mhjs\">Merida Hot Jazz Society<\/a><\/li>\n\n\n\n<li><a href=\"#ett\">Electric Trumpet Trio<\/a><\/li>\n\n\n\n<li><a href=\"#mbb\">Merida Big Band<\/a><\/li>\n\n\n\n<li><a href=\"#dya\">Duende y Aire<\/a><\/li>\n\n\n\n<li><a href=\"#stp\">Solo Trumpet Project<\/a><\/li>\n<\/ul>\n\n\n\n<h2 class=\"wp-block-heading\" id=\"4wbb\">4th &amp; West Big Band<\/h2>\n\n\n\n<figure class=\"wp-block-image\"><img loading=\"lazy\" decoding=\"async\" width=\"1600\" height=\"864\" src=\"https:\/\/jordialbert.com\/wp-content\/uploads\/2023\/03\/Fuller-West-Big-Band.jpeg.webp\" alt=\"\" class=\"wp-image-86\" srcset=\"https:\/\/jordialbert.com\/wp-content\/uploads\/2023\/03\/Fuller-West-Big-Band.jpeg 1600w, https:\/\/jordialbert.com\/wp-content\/uploads\/2023\/03\/Fuller-West-Big-Band-300x162.jpeg 300w, https:\/\/jordialbert.com\/wp-content\/uploads\/2023\/03\/Fuller-West-Big-Band-1024x553.jpeg 1024w, https:\/\/jordialbert.com\/wp-content\/uploads\/2023\/03\/Fuller-West-Big-Band-768x415.jpeg 768w, https:\/\/jordialbert.com\/wp-content\/uploads\/2023\/03\/Fuller-West-Big-Band-1536x829.jpeg 1536w, https:\/\/jordialbert.com\/wp-content\/uploads\/2023\/03\/Fuller-West-Big-Band-624x337.jpeg 624w\" sizes=\"auto, (max-width: 1600px) 100vw, 1600px\" \/><\/figure>\n\n\n\n<p>Esta agrupaci\u00f3n de gran formato tiene sede en Guadalajara. Est\u00e1 dedicada a recuperar el repertorio de big band de los a\u00f1os 50, 60 y 70 desde una perspectiva hist\u00f3ricamente informada. Jordi Albert es el director titular desde su fundaci\u00f3n.<\/p>\n\n\n\n<h2 class=\"wp-block-heading\" id=\"mhjs\">Merida Hot Jazz Society<\/h2>\n\n\n\n<figure class=\"wp-block-image\"><img loading=\"lazy\" decoding=\"async\" width=\"1280\" height=\"851\" src=\"https:\/\/jordialbert.com\/wp-content\/uploads\/2023\/03\/MeridaHotJazzSociety.jpeg.webp\" alt=\"\" class=\"wp-image-85\" srcset=\"https:\/\/jordialbert.com\/wp-content\/uploads\/2023\/03\/MeridaHotJazzSociety.jpeg 1280w, https:\/\/jordialbert.com\/wp-content\/uploads\/2023\/03\/MeridaHotJazzSociety-300x199.jpeg 300w, https:\/\/jordialbert.com\/wp-content\/uploads\/2023\/03\/MeridaHotJazzSociety-1024x681.jpeg 1024w, https:\/\/jordialbert.com\/wp-content\/uploads\/2023\/03\/MeridaHotJazzSociety-768x511.jpeg 768w, https:\/\/jordialbert.com\/wp-content\/uploads\/2023\/03\/MeridaHotJazzSociety-624x415.jpeg 624w\" sizes=\"auto, (max-width: 1280px) 100vw, 1280px\" \/><\/figure>\n\n\n\n<p>M\u00e9rida Hot Jazz Society es una agrupaci\u00f3n de 6 m\u00fasicos, con una instrumentaci\u00f3n tradicional (trompeta, tromb\u00f3n, clarinete, helic\u00f3n, piano, percusi\u00f3n) que toca m\u00fasica tradicional americana de los a\u00f1os 20 y 30.<\/p>\n\n\n\n<p>MHJS comparte con el p\u00fablico un estilo muy reconocido en el imaginario colectivo a trav\u00e9s de las pel\u00edculas y la radio, siendo respetuosos con la tradici\u00f3n y acerc\u00e1ndola a todo tipo de p\u00fablicos.<\/p>\n\n\n\n<h2 class=\"wp-block-heading\" id=\"ett\">Electric Trumpet Trio<\/h2>\n\n\n\n<figure class=\"wp-block-image\"><img loading=\"lazy\" decoding=\"async\" width=\"1024\" height=\"1024\" src=\"https:\/\/jordialbert.com\/wp-content\/uploads\/2023\/03\/Electrical-Trumpet-Trio.webp\" alt=\"\" class=\"wp-image-81\" srcset=\"https:\/\/jordialbert.com\/wp-content\/uploads\/2023\/03\/Electrical-Trumpet-Trio.webp 1024w, https:\/\/jordialbert.com\/wp-content\/uploads\/2023\/03\/Electrical-Trumpet-Trio-300x300.webp 300w, https:\/\/jordialbert.com\/wp-content\/uploads\/2023\/03\/Electrical-Trumpet-Trio-150x150.webp 150w, https:\/\/jordialbert.com\/wp-content\/uploads\/2023\/03\/Electrical-Trumpet-Trio-768x768.webp 768w, https:\/\/jordialbert.com\/wp-content\/uploads\/2023\/03\/Electrical-Trumpet-Trio-624x624.webp 624w\" sizes=\"auto, (max-width: 1024px) 100vw, 1024px\" \/><\/figure>\n\n\n\n<p>El trio ETT persigue un sonido basado en la electr\u00f3nica y el procesamiento del audio con un formato muy reducido que permite interacciones muy profundas. Una mezcla de funk jazz, m\u00fasica contempor\u00e1nea y m\u00fasica electr\u00f3nica muy interesante para un oyente de o\u00eddo abierto.<\/p>\n\n\n\n<h2 class=\"wp-block-heading\" id=\"mbb\">Merida Big Band<\/h2>\n\n\n\n<figure class=\"wp-block-image\"><img loading=\"lazy\" decoding=\"async\" width=\"1200\" height=\"628\" src=\"https:\/\/jordialbert.com\/wp-content\/uploads\/2023\/03\/Merida-Big-Band.jpeg.webp\" alt=\"\" class=\"wp-image-83\" srcset=\"https:\/\/jordialbert.com\/wp-content\/uploads\/2023\/03\/Merida-Big-Band.jpeg 1200w, https:\/\/jordialbert.com\/wp-content\/uploads\/2023\/03\/Merida-Big-Band-300x157.jpeg 300w, https:\/\/jordialbert.com\/wp-content\/uploads\/2023\/03\/Merida-Big-Band-1024x536.jpeg 1024w, https:\/\/jordialbert.com\/wp-content\/uploads\/2023\/03\/Merida-Big-Band-768x402.jpeg 768w, https:\/\/jordialbert.com\/wp-content\/uploads\/2023\/03\/Merida-Big-Band-624x327.jpeg 624w\" sizes=\"auto, (max-width: 1200px) 100vw, 1200px\" \/><\/figure>\n\n\n\n<p>M\u00e9rida Big Band es una agrupaci\u00f3n dentro del formato big band creada en la ciudad de M\u00e9rida (M\u00e9xico) en el a\u00f1o 2008. Desde el a\u00f1o 2022 soy director invitado y trompetista de la agrupaci\u00f3n.<\/p>\n\n\n\n<h2 class=\"wp-block-heading\" id=\"dya\">Duende y Aire<\/h2>\n\n\n<div class=\"wp-block-image\">\n<figure class=\"aligncenter size-full\"><img loading=\"lazy\" decoding=\"async\" width=\"604\" height=\"453\" src=\"https:\/\/jordialbert.com\/wp-content\/uploads\/2023\/03\/Duende-y-Aire.jpeg\" alt=\"\" class=\"wp-image-84\" srcset=\"https:\/\/jordialbert.com\/wp-content\/uploads\/2023\/03\/Duende-y-Aire.jpeg 604w, https:\/\/jordialbert.com\/wp-content\/uploads\/2023\/03\/Duende-y-Aire-300x225.jpeg 300w\" sizes=\"auto, (max-width: 604px) 100vw, 604px\" \/><\/figure><\/div>\n\n\n<p>Duende y Aire fue un proyecto fundado en 2002. Ha girado en concierto por \u00c1merica, \u00c1frica y Europa. Tiene un premio INJUVE y ha representado a Radio Nacional de Espa\u00f1a en los festivales de la Radio Europea en Rusia y Moldavia.<\/p>\n\n\n\n<h2 class=\"wp-block-heading\" id=\"stp\">Solo Trumpet Project<\/h2>\n\n\n<div class=\"wp-block-image\">\n<figure class=\"aligncenter size-large\"><img loading=\"lazy\" decoding=\"async\" width=\"1024\" height=\"818\" src=\"https:\/\/jordialbert.com\/wp-content\/uploads\/2023\/03\/jordi-playing-1024x818.jpg\" alt=\"\" class=\"wp-image-213\" srcset=\"https:\/\/jordialbert.com\/wp-content\/uploads\/2023\/03\/jordi-playing-1024x818.jpg 1024w, https:\/\/jordialbert.com\/wp-content\/uploads\/2023\/03\/jordi-playing-300x240.jpg 300w, https:\/\/jordialbert.com\/wp-content\/uploads\/2023\/03\/jordi-playing-768x613.jpg 768w, https:\/\/jordialbert.com\/wp-content\/uploads\/2023\/03\/jordi-playing.jpg 1440w\" sizes=\"auto, (max-width: 1024px) 100vw, 1024px\" \/><\/figure><\/div>\n\n\n<p>Solo Trumpet Project plantea un repertorio para trompeta sola y adaptaciones de otros instrumentos tocando m\u00fasica desde el barroco hasta la m\u00fasica electr\u00f3nica.<\/p>\n","protected":false},"excerpt":{"rendered":"<p>He tenido el enorme honor de tocar en diferentes escenarios de Europa, Estados Unidos, Canad\u00e1,\u00a0 Am\u00e9rica Latina y \u00c1frica. Desde muy jovencito me ha interesado la m\u00fasica de tradici\u00f3n oral. [&hellip;]<\/p>\n","protected":false},"author":1,"featured_media":82,"parent":0,"menu_order":0,"comment_status":"closed","ping_status":"closed","template":"","meta":{"_genesis_hide_title":true,"_genesis_hide_breadcrumbs":false,"_genesis_hide_singular_image":false,"_genesis_hide_footer_widgets":false,"_genesis_custom_body_class":"","_genesis_custom_post_class":"","_genesis_layout":"","footnotes":""},"class_list":["post-2","page","type-page","status-publish","has-post-thumbnail","entry"],"featured_image_src":"https:\/\/jordialbert.com\/wp-content\/uploads\/2023\/03\/Merida-Big-Band-2.jpeg","featured_image_src_square":"https:\/\/jordialbert.com\/wp-content\/uploads\/2023\/03\/Merida-Big-Band-2.jpeg","_links":{"self":[{"href":"https:\/\/jordialbert.com\/es\/wp-json\/wp\/v2\/pages\/2","targetHints":{"allow":["GET"]}}],"collection":[{"href":"https:\/\/jordialbert.com\/es\/wp-json\/wp\/v2\/pages"}],"about":[{"href":"https:\/\/jordialbert.com\/es\/wp-json\/wp\/v2\/types\/page"}],"author":[{"embeddable":true,"href":"https:\/\/jordialbert.com\/es\/wp-json\/wp\/v2\/users\/1"}],"replies":[{"embeddable":true,"href":"https:\/\/jordialbert.com\/es\/wp-json\/wp\/v2\/comments?post=2"}],"version-history":[{"count":77,"href":"https:\/\/jordialbert.com\/es\/wp-json\/wp\/v2\/pages\/2\/revisions"}],"predecessor-version":[{"id":1011,"href":"https:\/\/jordialbert.com\/es\/wp-json\/wp\/v2\/pages\/2\/revisions\/1011"}],"wp:featuredmedia":[{"embeddable":true,"href":"https:\/\/jordialbert.com\/es\/wp-json\/wp\/v2\/media\/82"}],"wp:attachment":[{"href":"https:\/\/jordialbert.com\/es\/wp-json\/wp\/v2\/media?parent=2"}],"curies":[{"name":"wp","href":"https:\/\/api.w.org\/{rel}","templated":true}]}}