{"id":14,"date":"2023-03-10T17:13:32","date_gmt":"2023-03-10T17:13:32","guid":{"rendered":"https:\/\/jordialbert.com\/?page_id=14"},"modified":"2023-07-30T23:59:22","modified_gmt":"2023-07-30T23:59:22","slug":"social-projects","status":"publish","type":"page","link":"https:\/\/jordialbert.com\/es\/social-projects\/","title":{"rendered":"Proyectos Sociales"},"content":{"rendered":"\n<div class=\"wp-block-genesis-blocks-gb-columns gpb-slate-section-hero-title gb-layout-columns-1 one-column gb-has-background-dim gb-has-background-dim-20 gb-background-cover gb-background-no-repeat gb-has-custom-background-color gb-has-custom-text-color gb-columns-center alignfull\" style=\"padding-top:5em;padding-right:1em;padding-bottom:5em;padding-left:1em;background-color:#1f1f1f;color:#f5f5f5;background-image:url(https:\/\/jordialbert.com\/wp-content\/uploads\/2023\/07\/IMG_4537-scaled.jpg);background-position:51% 18%\"><div class=\"gb-layout-column-wrap gb-block-layout-column-gap-1 gb-is-responsive-column\" style=\"max-width:1200px\">\n<div class=\"wp-block-genesis-blocks-gb-column gb-block-layout-column\"><div class=\"gb-block-layout-column-inner\">\n<div class=\"wp-block-genesis-blocks-gb-columns gb-layout-columns-2 gb-2-col-wideleft gb-columns-center alignfull\"><div class=\"gb-layout-column-wrap gb-block-layout-column-gap-8 gb-is-responsive-column\" style=\"max-width:1200px\">\n<div class=\"wp-block-genesis-blocks-gb-column gb-block-layout-column gb-is-vertically-aligned-top\"><div class=\"gb-block-layout-column-inner\">\n<h2 class=\"wp-block-heading has-text-color\" style=\"color:#f5f5f5;font-size:60px\">Proyectos Sociales<\/h2>\n\n\n\n<p class=\"has-text-color\" style=\"color:#f5f5f5\"><\/p>\n<\/div><\/div>\n\n\n\n<div class=\"wp-block-genesis-blocks-gb-column gb-block-layout-column gb-is-vertically-aligned-center\"><div class=\"gb-block-layout-column-inner\">\n<p><\/p>\n<\/div><\/div>\n<\/div><\/div>\n<\/div><\/div>\n<\/div><\/div>\n\n\n\n<div style=\"color:#ddd\" class=\"wp-block-genesis-blocks-gb-spacer gb-block-spacer gb-divider-solid gb-divider-size-1\"><hr style=\"height:30px\"\/><\/div>\n\n\n\n<p>Mis padres me ense\u00f1aron lo que significa el compromiso social. Desde mi faceta como m\u00fasico he intentado hacer aportaciones para devolverle a la sociedad y la cultura el enorme regalo de la m\u00fasica. He centrado mi actividad en dos grandes proyectos.&nbsp;<\/p>\n\n\n\n<h2 class=\"wp-block-heading\" id=\"cemijazz\">CEMIJAZZ<\/h2>\n\n\n\n<p>Siempre quise llevar a cabo proyectos de Integraci\u00f3n Social y familiar a trav\u00e9s de la pr\u00e1ctica social de la m\u00fasica. Concretamente, usando el jazz como herramienta para convivir con mi familia y con otras familias. Este proyecto se ha consolidado: <a href=\"https:\/\/www.facebook.com\/CemijazzOficial\/\">CEMIJAZZ<\/a>.<\/p>\n\n\n\n<p>El proyecto inici\u00f3 en el 2012 en diferentes ciudades de M\u00e9xico y tuvo su m\u00e1xima expansi\u00f3n con el apoyo de la Universidad Veracruzana llam\u00e1ndose all\u00ed JazzUV Ni\u00f1os.<\/p>\n\n\n\n<figure class=\"wp-block-embed is-type-video is-provider-youtube wp-block-embed-youtube wp-embed-aspect-16-9 wp-has-aspect-ratio\"><div class=\"wp-block-embed__wrapper\">\n<iframe loading=\"lazy\" title=\"C\u00e1psula JazzUV Ni\u00f1os\" width=\"500\" height=\"281\" src=\"https:\/\/www.youtube.com\/embed\/HsneqfaoHQ8?feature=oembed\" frameborder=\"0\" allow=\"accelerometer; autoplay; clipboard-write; encrypted-media; gyroscope; picture-in-picture; web-share\" referrerpolicy=\"strict-origin-when-cross-origin\" allowfullscreen><\/iframe>\n<\/div><\/figure>\n\n\n\n<p>El proyecto ha estado o est\u00e1 presente en: 5 ciudades mexicanas (San Luis Potos\u00ed, M\u00e9rida, Kanas\u00edn, Guanajuato y Valle de Santiago), 3 ciudades espa\u00f1olas (Castell\u00f3n, Valencia y Ourense), en Accra (Ghana) y Luanda (Angola) y en diferentes proyectos realizados en Colombia.<\/p>\n\n\n\n<h2 class=\"wp-block-heading\" id=\"solidarios\">Solidarios con la M\u00fasica<\/h2>\n\n\n\n<p>Solidarios con la M\u00fasica es un proyecto que inici\u00e9 hace 8 a\u00f1os en la ciudad de Castell\u00f3n, Espa\u00f1a. Comenc\u00e9 a dar peque\u00f1os recitales de trompeta en escuelas preescolares y primarias p\u00fablicas y pronto me di cuenta del gran poder que tenemos los m\u00fasicos para la difusi\u00f3n de la cultura y el arte.&nbsp;<\/p>\n\n\n\n<p>Pens\u00e9: \u00bfqu\u00e9 pasar\u00eda si los m\u00fasicos profesionales fu\u00e9ramos una vez al mes a tocar en una escuela durante 20 minutos? Me di cuenta que en Espa\u00f1a habr\u00eda m\u00e1s de 60 actuaciones al a\u00f1o en cada escuela p\u00fablica del pa\u00eds. Me di cuenta tambi\u00e9n de que esto generar\u00eda p\u00fablicos para nuestras actuaciones, un enorme inter\u00e9s en la pr\u00e1ctica de la m\u00fasica (y por tanto muchos candidatos y candidatas a estudiar en las escuelas de m\u00fasica). Me di cuenta que, si un\u00edamos nuestras fuerzas, ten\u00edamos mucho m\u00e1s poder que la industria de la m\u00fasica pop.<\/p>\n\n\n\n<p>Decid\u00ed emprender un camino (en el que todav\u00eda me encuentro) para dise\u00f1ar una aplicaci\u00f3n que facilite que los m\u00fasicos profesionales y los estudiantes de grado profesional y superior puedan ir a las escuelas, reciban un reconocimiento (incluso pecuniario) y los estudiantes de dichas escuelas primarias gocen de un programa constante de m\u00fasica).<\/p>\n","protected":false},"excerpt":{"rendered":"<p>Mis padres me ense\u00f1aron lo que significa el compromiso social. Desde mi faceta como m\u00fasico he intentado hacer aportaciones para devolverle a la sociedad y la cultura el enorme regalo [&hellip;]<\/p>\n","protected":false},"author":1,"featured_media":0,"parent":0,"menu_order":0,"comment_status":"closed","ping_status":"closed","template":"","meta":{"_genesis_hide_title":true,"_genesis_hide_breadcrumbs":false,"_genesis_hide_singular_image":false,"_genesis_hide_footer_widgets":false,"_genesis_custom_body_class":"","_genesis_custom_post_class":"","_genesis_layout":"","footnotes":""},"class_list":["post-14","page","type-page","status-publish","entry"],"featured_image_src":null,"featured_image_src_square":null,"_links":{"self":[{"href":"https:\/\/jordialbert.com\/es\/wp-json\/wp\/v2\/pages\/14","targetHints":{"allow":["GET"]}}],"collection":[{"href":"https:\/\/jordialbert.com\/es\/wp-json\/wp\/v2\/pages"}],"about":[{"href":"https:\/\/jordialbert.com\/es\/wp-json\/wp\/v2\/types\/page"}],"author":[{"embeddable":true,"href":"https:\/\/jordialbert.com\/es\/wp-json\/wp\/v2\/users\/1"}],"replies":[{"embeddable":true,"href":"https:\/\/jordialbert.com\/es\/wp-json\/wp\/v2\/comments?post=14"}],"version-history":[{"count":8,"href":"https:\/\/jordialbert.com\/es\/wp-json\/wp\/v2\/pages\/14\/revisions"}],"predecessor-version":[{"id":987,"href":"https:\/\/jordialbert.com\/es\/wp-json\/wp\/v2\/pages\/14\/revisions\/987"}],"wp:attachment":[{"href":"https:\/\/jordialbert.com\/es\/wp-json\/wp\/v2\/media?parent=14"}],"curies":[{"name":"wp","href":"https:\/\/api.w.org\/{rel}","templated":true}]}}