{"id":12,"date":"2023-03-10T17:13:15","date_gmt":"2023-03-10T17:13:15","guid":{"rendered":"https:\/\/jordialbert.com\/?page_id=12"},"modified":"2023-07-30T23:52:22","modified_gmt":"2023-07-30T23:52:22","slug":"researcher","status":"publish","type":"page","link":"https:\/\/jordialbert.com\/es\/researcher\/","title":{"rendered":"Investigador"},"content":{"rendered":"\n<div class=\"wp-block-genesis-blocks-gb-columns gpb-slate-section-hero-title gb-layout-columns-1 one-column gb-has-background-dim gb-has-background-dim-20 gb-background-cover gb-background-no-repeat gb-has-custom-background-color gb-has-custom-text-color gb-columns-center alignfull\" style=\"padding-top:5em;padding-right:1em;padding-bottom:5em;padding-left:1em;background-color:#1f1f1f;color:#f5f5f5;background-image:url(https:\/\/jordialbert.com\/wp-content\/uploads\/2023\/07\/IMG_4552_2-scaled.jpg);background-position:26% 21%\"><div class=\"gb-layout-column-wrap gb-block-layout-column-gap-1 gb-is-responsive-column\" style=\"max-width:1200px\">\n<div class=\"wp-block-genesis-blocks-gb-column gb-block-layout-column\"><div class=\"gb-block-layout-column-inner\">\n<div class=\"wp-block-genesis-blocks-gb-columns gb-layout-columns-2 gb-2-col-wideleft gb-columns-center alignfull\"><div class=\"gb-layout-column-wrap gb-block-layout-column-gap-8 gb-is-responsive-column\" style=\"max-width:1200px\">\n<div class=\"wp-block-genesis-blocks-gb-column gb-block-layout-column gb-is-vertically-aligned-top\"><div class=\"gb-block-layout-column-inner\">\n<h2 class=\"wp-block-heading has-text-color\" style=\"color:#f5f5f5;font-size:60px\">Investigador<\/h2>\n\n\n\n<p class=\"has-text-color\" style=\"color:#f5f5f5\"><\/p>\n<\/div><\/div>\n\n\n\n<div class=\"wp-block-genesis-blocks-gb-column gb-block-layout-column gb-is-vertically-aligned-center\"><div class=\"gb-block-layout-column-inner\">\n<p><\/p>\n<\/div><\/div>\n<\/div><\/div>\n<\/div><\/div>\n<\/div><\/div>\n\n\n\n<div style=\"color:#ddd\" class=\"wp-block-genesis-blocks-gb-spacer gb-block-spacer gb-divider-solid gb-divider-size-1\"><hr style=\"height:30px\"\/><\/div>\n\n\n\n<p>Descubr\u00ed la investigaci\u00f3n cient\u00edfica (real) en un viaje a Cuba en el a\u00f1o 2007. All\u00ed me qued\u00e9 estudiando por un buen tiempo con unas especialistas en psicolog\u00eda y pedagog\u00eda excelentes.<\/p>\n\n\n<div class=\"su-spoiler su-spoiler-style-default su-spoiler-icon-plus su-spoiler-closed\" data-scroll-offset=\"0\" data-anchor-in-url=\"no\"><div class=\"su-spoiler-title\" tabindex=\"0\" role=\"button\"><span class=\"su-spoiler-icon\"><\/span>Ver m\u00e1s...<\/div><div class=\"su-spoiler-content su-u-clearfix su-u-trim\">\n<p>En esas estancias me di cuenta que llevaba investigando de manera emp\u00edrica desde hac\u00eda much\u00edsimo tiempo. Comenc\u00e9 a comprender la utilidad de la investigaci\u00f3n en la educaci\u00f3n a trav\u00e9s del paradigma de investigaci\u00f3n-acci\u00f3n participativa y qued\u00e9 encantado con ello.<\/p>\n<p>Aprend\u00ed muchas estrategias de investigaci\u00f3n, t\u00e9cnicas y recursos pero lo m\u00e1s importante fue comprender, desde el fondo de la cuesti\u00f3n, la utilidad y la importancia de la investigaci\u00f3n en la educaci\u00f3n. Desde entonces esa mariposa revolotea en mi est\u00f3mago siempre que se trata de ver a un ser humano aprendiendo.<\/p>\n<p>Me encanta observar el fen\u00f3meno del aprendizaje. En un ni\u00f1o, en un adulto, en la manera en la que reaprendemos a caminar cuando sucede cualquier accidente, la manera que practicamos un deporte como hobbie, c\u00f3mo resolvemos un problema para tocar un instrumento, o lo que sea. Si tiene que ver con aprender me interesa.<\/p>\n<p>Trabaj\u00e9 como becario en mi universidad en Castell\u00f3n, en la Habana, en equipos de investigaci\u00f3n en la Ciudad de M\u00e9xico y Valencia hasta llegar a dirigir proyectos o departamentos de investigaci\u00f3n en Barcelona o dirigir centros de investigaci\u00f3n educativa. Un camino, sin duda, que ha marcado mi vida.<\/p>\n<\/div><\/div>\n\n\n\n<p>Actualmente soy el director del <a href=\"https:\/\/gimur.org\">Global Institute for Music Research<\/a>. Un proyecto enorme que llevamos desarrollando desde hace a\u00f1os junto a un gran equipo de trabajo.<\/p>\n\n\n\n<p>He escrito algunas comunicaciones al respecto y las dejo aqu\u00ed en un listado, brevemente rese\u00f1ado por si pueden llegar a interesarle a alguien.&nbsp;<\/p>\n\n\n\n<h2 class=\"wp-block-heading\">Publicaciones<\/h2>\n\n\n\n<h4 class=\"wp-block-heading\" id=\"thesis\"><strong>Dificultades de Aprendizaje de la Pr\u00e1ctica Motriz Experta en la trompeta. Tesis doctoral.<\/strong><\/h4>\n\n\n<div class=\"wp-block-image\">\n<figure class=\"alignleft size-large is-resized\"><a href=\"https:\/\/doi.org\/10.4995\/Thesis\/10251\/90538\"><img loading=\"lazy\" decoding=\"async\" src=\"https:\/\/jordialbert.com\/wp-content\/uploads\/2023\/03\/Tesis-724x1024.jpg\" alt=\"\" class=\"wp-image-158\" width=\"181\" height=\"256\" srcset=\"https:\/\/jordialbert.com\/wp-content\/uploads\/2023\/03\/Tesis-724x1024.jpg 724w, https:\/\/jordialbert.com\/wp-content\/uploads\/2023\/03\/Tesis-212x300.jpg 212w, https:\/\/jordialbert.com\/wp-content\/uploads\/2023\/03\/Tesis-768x1087.jpg 768w, https:\/\/jordialbert.com\/wp-content\/uploads\/2023\/03\/Tesis-1085x1536.jpg 1085w, https:\/\/jordialbert.com\/wp-content\/uploads\/2023\/03\/Tesis-624x883.jpg 624w, https:\/\/jordialbert.com\/wp-content\/uploads\/2023\/03\/Tesis.jpg 1240w\" sizes=\"auto, (max-width: 181px) 100vw, 181px\" \/><\/a><\/figure><\/div>\n\n\n<p>Albert, J. (2017) Dificultades de aprendizaje de la Pr\u00e1ctica Motriz Experta en la trompeta. Polytechnic University of Valencia. <a href=\"https:\/\/doi.org\/10.4995\/Thesis\/10251\/90538\">https:\/\/doi.org\/10.4995\/Thesis\/10251\/90538<\/a>.<\/p>\n\n\n\n<p>En este trabajo presento un total de 64 casos de atenci\u00f3n de dificultades de aprendizaje. En el cap\u00edtulo 1 se encuentra la justificaci\u00f3n te\u00f3rica. El cap\u00edtulo 2 presenta un an\u00e1lisis hist\u00f3rico de la metodolog\u00eda de la trompeta en relaci\u00f3n con el concepto decimon\u00f3nico de talento. En el cap\u00edtulo 3 se comparte una teor\u00eda propia de la pr\u00e1ctica motriz experta (PME) y las dificultades de aprendizaje espec\u00edficas del conjunto de habilidades que conforman la PME.<\/p>\n\n\n\n<h3 class=\"wp-block-heading\" id=\"books\"><strong>Libros<\/strong><\/h3>\n\n\n<div class=\"wp-block-image\">\n<figure class=\"alignleft size-large is-resized\"><img loading=\"lazy\" decoding=\"async\" src=\"https:\/\/jordialbert.com\/wp-content\/uploads\/2023\/03\/Diario-de-un-aprendiz-de-musica-1024x716.jpg\" alt=\"\" class=\"wp-image-155\" width=\"256\" height=\"179\" srcset=\"https:\/\/jordialbert.com\/wp-content\/uploads\/2023\/03\/Diario-de-un-aprendiz-de-musica-1024x716.jpg 1024w, https:\/\/jordialbert.com\/wp-content\/uploads\/2023\/03\/Diario-de-un-aprendiz-de-musica-300x210.jpg 300w, https:\/\/jordialbert.com\/wp-content\/uploads\/2023\/03\/Diario-de-un-aprendiz-de-musica-768x537.jpg 768w, https:\/\/jordialbert.com\/wp-content\/uploads\/2023\/03\/Diario-de-un-aprendiz-de-musica-1536x1074.jpg 1536w, https:\/\/jordialbert.com\/wp-content\/uploads\/2023\/03\/Diario-de-un-aprendiz-de-musica-624x436.jpg 624w, https:\/\/jordialbert.com\/wp-content\/uploads\/2023\/03\/Diario-de-un-aprendiz-de-musica.jpg 1733w\" sizes=\"auto, (max-width: 256px) 100vw, 256px\" \/><\/figure><\/div>\n\n\n<h4 class=\"wp-block-heading\"><strong>Diario de un aprendiz de m\u00fasica.&nbsp;<\/strong><\/h4>\n\n\n\n<p>Albert, J. y Medina, O (2018) <em>Diario de un aprendiz de m\u00fasica<\/em>. International Research Institute for Music Learning.&nbsp;<\/p>\n\n\n\n<p>Se trata de un material did\u00e1ctico dise\u00f1ado en conjunto con la artista y dise\u00f1adora Oded Medina. Se trata de un diario donde el estudiante toma nota de sus progresos de manera sencilla a trav\u00e9s de una serie de apartados. El material permite dar soporte a las clases de instrumento musical en la escuela de m\u00fasica o conservatorio y recoger los aprendizajes, las sugerencias del profesor y el seguimiento general del proceso. Incluye el registro de las audiciones, de los objetivos de cada semana, un registro de avances en el estudio de tonalidades, un registro de sensaciones y emociones en torno al aprendizaje, entre muchos otros aspectos. Todo ello induce al desarrollo de diferentes habilidades que se consideran imprescindibles para la pr\u00e1ctica de un instrumento musical.&nbsp;<\/p>\n\n\n<div class=\"wp-block-image\">\n<figure class=\"alignleft size-full is-resized\"><img loading=\"lazy\" decoding=\"async\" src=\"https:\/\/jordialbert.com\/wp-content\/uploads\/2023\/03\/tocar-la-bateria-sin-dolor.jpg\" alt=\"\" class=\"wp-image-154\" width=\"187\" height=\"294\" srcset=\"https:\/\/jordialbert.com\/wp-content\/uploads\/2023\/03\/tocar-la-bateria-sin-dolor.jpg 471w, https:\/\/jordialbert.com\/wp-content\/uploads\/2023\/03\/tocar-la-bateria-sin-dolor-191x300.jpg 191w\" sizes=\"auto, (max-width: 187px) 100vw, 187px\" \/><\/figure><\/div>\n\n\n<h4 class=\"wp-block-heading\"><strong>Tocar la bater\u00eda sin dolor.&nbsp;<\/strong><\/h4>\n\n\n\n<p>Albert, J. y Mercado, C (2018) <em>Tocar la Bater\u00eda sin Dolor<\/em>.&nbsp; International Research Institute for Music Learning.&nbsp;<\/p>\n\n\n\n<p>En este libro se presenta el caso del coautor, Carlos Mercado, de la aplicaci\u00f3n de la metodolog\u00eda para la atenci\u00f3n de dificultades de aprendizaje dise\u00f1ada por el Dr. Albert. Se parte de un estudio autobiogr\u00e1fico, se describe la problem\u00e1tica desde un estilo narrativo y se plantea el proyecto a seguir. Se describen cada una de las etapas, los avances que se van encontrando as\u00ed como las dificultades que se presentan.<\/p>\n\n\n\n<h3 class=\"wp-block-heading\" id=\"papers\"><strong>Papers<\/strong><\/h3>\n\n\n\n<p>Albert Gargallo, J. (2012). Aprender jazz en el conservatorio, \u00bflistado de asignaturas o proyecto de trabajo?. <em>Eufon\u00eda: Did\u00e1ctica de la m\u00fasica<\/em>, (55), 16-25. <a href=\"https:\/\/dialnet.unirioja.es\/servlet\/articulo?codigo=3891559\">https:\/\/dialnet.unirioja.es\/servlet\/articulo?codigo=3891559<\/a><\/p>\n\n\n\n<p>Albert, J., y Alarc\u00f3n, S (2016). La familia y la educaci\u00f3n musical como medio para la reconstrucci\u00f3n del tejido social: el Proyecto CEMIJAZZ. <em>Didac<\/em>, (67), 59-66. <a href=\"https:\/\/revistas.ibero.mx\/didac\/articulo_detalle.php?id_volumen=21&amp;id_articulo=269\">https:\/\/revistas.ibero.mx\/didac\/articulo_detalle.php?id_volumen=21&amp;id_articulo=269<\/a><\/p>\n\n\n\n<p>Garcia-Romeu, M. L., Trias, M., Ferrer, I., Albert, J., &amp; Canet, D. (2019). Early design of a French Horn\u2019s support for younger players (students from 7 to 12 years). <em>Procedia Manufacturing<\/em>, <em>41<\/em>, 1141-1148. <a href=\"https:\/\/www.sciencedirect.com\/science\/article\/pii\/S2351978919312065\">https:\/\/www.sciencedirect.com\/science\/article\/pii\/S2351978919312065<\/a><\/p>\n\n\n\n<p>Albert Gargallo, J. (2022). La pr\u00e1ctica de la evaluaci\u00f3n en los contextos no formales: su aplicaci\u00f3n al conservatorio. <em>Eufon\u00eda: did\u00e1ctica de la m\u00fasica<\/em>. <a href=\"https:\/\/redined.educacion.gob.es\/xmlui\/handle\/11162\/238060\">https:\/\/redined.educacion.gob.es\/xmlui\/handle\/11162\/238060<\/a><\/p>\n\n\n\n<h3 class=\"wp-block-heading\"><strong>Art\u00edculos de divulgaci\u00f3n.<\/strong><\/h3>\n\n\n\n<p>Albert Gargallo, J. (2014). Yo no sirvo para la m\u00fasica. <em>Art\u00edculos de Trumpetland. <\/em>ISSN: 2254-8521<\/p>\n\n\n\n<p>Albert Gargallo, J. (2015a). Respira con el diafragma.&nbsp; <em>Art\u00edculos de Trumpetland. <\/em>ISSN: 2254-8521<\/p>\n\n\n\n<p>Albert Gargallo, J. (2015b). Acabar con un nudo en la lengua.&nbsp; <em>Art\u00edculos de Trumpetland. <\/em>ISSN: 2254-8521<\/p>\n\n\n\n<p>Albert Gargallo, J. (2015c) El gran problema del aprendizaje de la m\u00fasica.&nbsp; <em>Art\u00edculos de Trumpetland. <\/em>ISSN: 2254-8521<\/p>\n\n\n\n<p>Albert Gargallo, J. (2015d) M\u00e9tele un poquito.&nbsp; <em>Art\u00edculos de Trumpetland. <\/em>ISSN: 2254-8521<\/p>\n\n\n\n<p>Albert Gargallo, J. (2015e). La embocadura ideal. <em>Art\u00edculos de Trumpetland. <\/em>ISSN: 2254-8521<\/p>\n\n\n\n<p>Albert, J. (2015f). \u00bfHasta qu\u00e9 nota llegas? <em>Art\u00edculos de Trumpetland. <\/em>ISSN: 2254-8521<\/p>\n\n\n\n<p>Albert Gargallo, J. (2016a) Si no quieren tocar boquilla les damos boquil\u00edneas. <em>Art\u00edculos de Trumpetland. <\/em>ISSN: 2254-8521<\/p>\n\n\n\n<p>Albert Gargallo, J. (2016b) C\u00f3mo prevenir lesiones en la embocadura en \u00e9pocas de muchas actuaciones. <em>Art\u00edculos de Trumpetland. <\/em>ISSN: 2254-852<\/p>\n","protected":false},"excerpt":{"rendered":"<p>Descubr\u00ed la investigaci\u00f3n cient\u00edfica (real) en un viaje a Cuba en el a\u00f1o 2007. All\u00ed me qued\u00e9 estudiando por un buen tiempo con unas especialistas en psicolog\u00eda y pedagog\u00eda excelentes. [&hellip;]<\/p>\n","protected":false},"author":1,"featured_media":214,"parent":0,"menu_order":0,"comment_status":"closed","ping_status":"closed","template":"","meta":{"_genesis_hide_title":true,"_genesis_hide_breadcrumbs":false,"_genesis_hide_singular_image":false,"_genesis_hide_footer_widgets":false,"_genesis_custom_body_class":"","_genesis_custom_post_class":"","_genesis_layout":"","footnotes":""},"class_list":["post-12","page","type-page","status-publish","has-post-thumbnail","entry"],"featured_image_src":"https:\/\/jordialbert.com\/wp-content\/uploads\/2023\/03\/jordi-researcher.jpg","featured_image_src_square":"https:\/\/jordialbert.com\/wp-content\/uploads\/2023\/03\/jordi-researcher.jpg","_links":{"self":[{"href":"https:\/\/jordialbert.com\/es\/wp-json\/wp\/v2\/pages\/12","targetHints":{"allow":["GET"]}}],"collection":[{"href":"https:\/\/jordialbert.com\/es\/wp-json\/wp\/v2\/pages"}],"about":[{"href":"https:\/\/jordialbert.com\/es\/wp-json\/wp\/v2\/types\/page"}],"author":[{"embeddable":true,"href":"https:\/\/jordialbert.com\/es\/wp-json\/wp\/v2\/users\/1"}],"replies":[{"embeddable":true,"href":"https:\/\/jordialbert.com\/es\/wp-json\/wp\/v2\/comments?post=12"}],"version-history":[{"count":18,"href":"https:\/\/jordialbert.com\/es\/wp-json\/wp\/v2\/pages\/12\/revisions"}],"predecessor-version":[{"id":980,"href":"https:\/\/jordialbert.com\/es\/wp-json\/wp\/v2\/pages\/12\/revisions\/980"}],"wp:featuredmedia":[{"embeddable":true,"href":"https:\/\/jordialbert.com\/es\/wp-json\/wp\/v2\/media\/214"}],"wp:attachment":[{"href":"https:\/\/jordialbert.com\/es\/wp-json\/wp\/v2\/media?parent=12"}],"curies":[{"name":"wp","href":"https:\/\/api.w.org\/{rel}","templated":true}]}}