{"id":10,"date":"2023-03-10T17:12:43","date_gmt":"2023-03-10T17:12:43","guid":{"rendered":"https:\/\/jordialbert.com\/?page_id=10"},"modified":"2023-07-30T23:45:44","modified_gmt":"2023-07-30T23:45:44","slug":"pedagogue","status":"publish","type":"page","link":"https:\/\/jordialbert.com\/es\/pedagogue\/","title":{"rendered":"Pedagogo"},"content":{"rendered":"\n<div class=\"wp-block-genesis-blocks-gb-columns gpb-slate-section-hero-title gb-layout-columns-1 one-column gb-has-background-dim gb-has-background-dim-20 gb-background-cover gb-background-no-repeat gb-has-custom-background-color gb-has-custom-text-color gb-columns-center alignfull\" style=\"padding-top:5em;padding-right:1em;padding-bottom:5em;padding-left:1em;background-color:#1f1f1f;color:#f5f5f5;background-image:url(https:\/\/jordialbert.com\/wp-content\/uploads\/2023\/07\/IMG_4421-scaled.jpg);background-position:34% 15%\"><div class=\"gb-layout-column-wrap gb-block-layout-column-gap-1 gb-is-responsive-column\" style=\"max-width:1200px\">\n<div class=\"wp-block-genesis-blocks-gb-column gb-block-layout-column\"><div class=\"gb-block-layout-column-inner\">\n<div class=\"wp-block-genesis-blocks-gb-columns gb-layout-columns-2 gb-2-col-wideleft gb-columns-center alignfull\"><div class=\"gb-layout-column-wrap gb-block-layout-column-gap-8 gb-is-responsive-column\" style=\"max-width:1200px\">\n<div class=\"wp-block-genesis-blocks-gb-column gb-block-layout-column gb-is-vertically-aligned-top\"><div class=\"gb-block-layout-column-inner\">\n<h2 class=\"wp-block-heading has-text-color\" style=\"color:#f5f5f5;font-size:60px\">Pedagogo<\/h2>\n\n\n\n<p class=\"has-text-color\" style=\"color:#f5f5f5\"><\/p>\n<\/div><\/div>\n\n\n\n<div class=\"wp-block-genesis-blocks-gb-column gb-block-layout-column gb-is-vertically-aligned-center\"><div class=\"gb-block-layout-column-inner\">\n<p><\/p>\n<\/div><\/div>\n<\/div><\/div>\n<\/div><\/div>\n<\/div><\/div>\n\n\n\n<div style=\"color:#ddd\" class=\"wp-block-genesis-blocks-gb-spacer gb-block-spacer gb-divider-solid gb-divider-size-1\"><hr style=\"height:30px\"\/><\/div>\n\n\n\n<p>La educaci\u00f3n es mi otro amor. De joven nunca pens\u00e9 dedicarme a la educaci\u00f3n pero, para poder compaginar mis estudios musicales con una carrera universitaria, decid\u00ed entrar en Magisterio Musical.&nbsp;<\/p>\n\n\n<div class=\"su-spoiler su-spoiler-style-default su-spoiler-icon-plus su-spoiler-closed\" data-scroll-offset=\"0\" data-anchor-in-url=\"no\"><div class=\"su-spoiler-title\" tabindex=\"0\" role=\"button\"><span class=\"su-spoiler-icon\"><\/span>Leer m\u00e1s...<\/div><div class=\"su-spoiler-content su-u-clearfix su-u-trim\">\n<p>En pocos meses estaba completamente enamorado de la educaci\u00f3n. Desde ese momento, hace ya 24 a\u00f1os, comenc\u00e9 a pensar c\u00f3mo pod\u00eda aplicar a las clases de trompeta aquello que aprend\u00eda en la universidad. Y lo hice desde ese momento y hasta la fecha. He sido profesor de trompeta, pedagog\u00eda general, did\u00e1ctica de la m\u00fasica, etc en Conservatorios Superiores, Conservatorios de grado medio, escuelas de m\u00fasica, Facultades de M\u00fasica y en Proyectos sociales.<\/p>\n<p>Me interes\u00f3, y me sigue interesando, observar a las personas aprender. Me parece algo fascinante. Comenc\u00e9 a observar la manera en la que mis compa\u00f1eros y yo aprend\u00edamos a tocar los instrumentos musicales. La manera en la que resolv\u00edamos dificultades, a qu\u00e9 se deb\u00eda un desarrollo mayor de unos al respecto de otros.<\/p>\n<p>Comenc\u00e9 a observar hace m\u00e1s de 20 a\u00f1os c\u00f3mo aprend\u00edan los autodidactas o las personas que participaban en entornos no formales (como las bandas de m\u00fasica en aquel tiempo). Quedaba anonadado con las historias de vida de personas que \u201cno hab\u00edan estudiado\u201d (en un entorno formal como el conservatorio) pero tocaban genial. <\/p>\n<p>Me especialic\u00e9 m\u00e1s tarde en pedagog\u00eda general, y concretamente en dise\u00f1o curricular. Aquel era un mundo incre\u00edble. Tuve la oportunidad de trabajar como director en dos procesos de dise\u00f1o curricular nacional (Guatemala y M\u00e9xico). <\/p>\n<p>Y luego trabaj\u00e9 en la administraci\u00f3n educativa como director de Facultad, coordinador acad\u00e9mico, etc. \u00a1Uf! qu\u00e9 trabajo m\u00e1s dif\u00edcil. He visto el fen\u00f3meno educativo desde diferentes perspectivas durante todos estos a\u00f1os.<\/p>\n<p>En 2012 inici\u00e9, de manera formal, una investigaci\u00f3n muy profunda en torno a las dificultades de aprendizaje que se presentan al aprender instrumentos musicales. Primero con la trompeta, luego con otros instrumentos de viento metal y, finalmente con la mayor\u00eda de instrumentos. Desarroll\u00e9 teor\u00edas propias en torno a la manera en la que aprendemos a tocar un instrumento, por qu\u00e9 se pueden presentar dificultades y c\u00f3mo antederlas (o prevenirlas). En 2014 fund\u00e9 un centro de atenci\u00f3n especializada por el que han pasado m\u00e1s de 500 m\u00fasicos.<\/p>\n<p>He podido compartir mi experiencia en m\u00e1s de 200 cursos y conferencias por diferentes partes del mundo. Desde el Conservatorio Superior de Par\u00eds, la Universidad de Florida, o el Real Conservatorio de Madrid hasta muchos pueblos de la geograf\u00eda espa\u00f1ola, mexicana o colombiana. Y en todos los casos, por igual, ha sido una experiencia fascinante.<\/p>\n<\/div><\/div>\n\n\n\n<h2 class=\"wp-block-heading\" id=\"studio\">JordiAlbertStudio<\/h2>\n\n\n\n<p>Es un centro de atenci\u00f3n para m\u00fasicos de diferentes educativos que se encuentran en una de estas situaciones:<\/p>\n\n\n\n<ul class=\"wp-block-list\">\n<li>Desean mejorar su rendimiento en el entrenamiento o la pr\u00e1ctica de la m\u00fasica<\/li>\n\n\n\n<li>Se enfrentan a alg\u00fan problema de salud que interact\u00faa con la pr\u00e1ctica de su instrumento.<\/li>\n\n\n\n<li>Han desarrollado dificultades de aprendizaje del instrumento.<\/li>\n<\/ul>\n\n\n\n<p>Si te interesa saber m\u00e1s puedes escribirme a <a href=\"mailto:info@jordialbert.com\">info@jordialbert.com<\/a><\/p>\n\n\n\n<h2 class=\"wp-block-heading\" id=\"teacher-trainings\">Cursos de formaci\u00f3n del profesorado<\/h2>\n\n\n\n<p>Como resumen de la experiencia comentada anteriormente, he dise\u00f1ado varios cursos de formaci\u00f3n del profesorado que pueden ser \u00fatiles para profesores y profesoras de m\u00fasica interesadas en aprender nuevos recursos. <\/p>\n\n\n\n<div class=\"wp-block-genesis-blocks-gb-accordion gb-block-accordion\"><details><summary class=\"gb-accordion-title\"><em>Hacia una pedagog\u00eda de los instrumentos musicales humanamente compatible<\/em><\/summary><div class=\"gb-accordion-text\">\n<p><strong>Sinopsis<\/strong>: Actualmente existe una gran cantidad de informaci\u00f3n de diferentes disciplinas como la psicolog\u00eda, la neurociencia, la pedagog\u00eda general, la pedagog\u00eda de la m\u00fasica, la neuromotricidad. La pedagog\u00eda de los instrumentos musicales debe soltar sus anclas del pasado (sin renunciar a los aspectos positivos) para consolidar una nueva visi\u00f3n de la pedagog\u00eda de la m\u00fasica. En este curso se presentan una serie de reflexiones colectivas en torno al corpus de conocimiento existente para motivar al profesorado hacia el cambio metodol\u00f3gico o paradigm\u00e1tico en los casos que sea pertinente.<\/p>\n\n\n\n<p><strong>Duraci\u00f3n<\/strong>: entre 8 y 20 horas.<\/p>\n<\/div><\/details><\/div>\n\n\n\n<div class=\"wp-block-genesis-blocks-gb-accordion gb-block-accordion\"><details><summary class=\"gb-accordion-title\"><em>Aspectos biomec\u00e1nicos y neuromotrices en la pedagog\u00eda de la m\u00fasica<\/em><\/summary><div class=\"gb-accordion-text\">\n<p><strong>Sinopsis<\/strong>: El conocimiento actual en torno a las cuestiones relativas al movimiento ha sido extremadamente desarrollado por la neuromotricidad en los \u00faltimos a\u00f1os. Este, junto al conocimiento de la biomec\u00e1nica, puede resultar tremendamente \u00fatil para desarrollar una clase de instrumento para desarrollar recursos metodol\u00f3gicos, dar soporte en la evaluaci\u00f3n, etc. En este curso se presenta esta informaci\u00f3n con una aplicaci\u00f3n pr\u00e1ctica para la atenci\u00f3n de dificultades de aprendizaje, prevenci\u00f3n de lesiones o desarrollo del alto rendimiento.<\/p>\n\n\n\n<p><strong>Duraci\u00f3n<\/strong>: entre 20 y 80 horas (en funci\u00f3n de la cantidad de instrumentistas y profesores de diferentes instrumentos que participen).<\/p>\n<\/div><\/details><\/div>\n\n\n\n<div class=\"wp-block-genesis-blocks-gb-accordion gb-block-accordion\"><details><summary class=\"gb-accordion-title\"><em>Dise\u00f1o de programaciones de clase: una visi\u00f3n desde la filosof\u00eda de la educaci\u00f3n, el dise\u00f1o curricular y las teor\u00edas de la evaluaci\u00f3n.<\/em><\/summary><div class=\"gb-accordion-text\">\n<p><strong>Sinopsis<\/strong>: Este curso est\u00e1 orientado al dise\u00f1o de programaciones de clase realmente aplicables al aula como herramienta principal. Desafortunadamente, existe un distanciamiento del profesorado en m\u00fasica con los instrumentos de dise\u00f1o o evaluaci\u00f3n. Esto se debe a que estos pueden no tener utilidad cuando no han sido correctamente preparados o dise\u00f1ados. El profesorado de m\u00fasica no es reacio a la utilizaci\u00f3n de los mismos siempre y cuando puedan resultar \u00fatiles en la clase. Se presentan en el curso las diferentes teor\u00edas con su aplicaci\u00f3n pr\u00e1ctica y un modelo de dominio del instrumento musical desarrollado por el profesor que permite, de manera muy sencilla, la elaboraci\u00f3n de las programaciones. Como resultado del mismo se trabajan y corrigen las programaciones de clase.<\/p>\n\n\n\n<p><strong>Duraci\u00f3n<\/strong>: entre 30 y 120 horas (en funci\u00f3n de la cantidad de instrumentistas y profesores de diferentes instrumentos que participen).<\/p>\n<\/div><\/details><\/div>\n\n\n\n<div class=\"wp-block-genesis-blocks-gb-accordion gb-block-accordion\"><details><summary class=\"gb-accordion-title\"><em>Proyectos de integraci\u00f3n de las artes en la educaci\u00f3n preescolar, primaria y secundaria<\/em><\/summary><div class=\"gb-accordion-text\">\n<p><strong>Sinopsis<\/strong>: El Dr. Jordi Albert ha dirigido en los \u00faltimos a\u00f1os proyectos de integraci\u00f3n de las artes en escuelas preescolar, primaria y secundaria. Como director del Centro de Investigaci\u00f3n para el Aprendizaje Integrado de Artes, Lenguas y Contenidos se dedica a desarrollar estrategias metodol\u00f3gicas, formaci\u00f3n del profesorado y proyectos de investigaci\u00f3n educativa en centros de educaci\u00f3n b\u00e1sica. En este curso se abordan los principios te\u00f3ricos que sustentan dicha integraci\u00f3n as\u00ed como estrategias concretas para aplicar en centros de educaci\u00f3n b\u00e1sica.<\/p>\n\n\n\n<p><strong>Duraci\u00f3n<\/strong>: entre 20 y 80 horas.<\/p>\n<\/div><\/details><\/div>\n\n\n\n<h2 class=\"wp-block-heading\" id=\"trumpet-bootcamps\">Cursos de trompeta<\/h2>\n\n\n\n<p>Como fruto de toda la informaci\u00f3n que he podido recopilar hasta la fecha he dise\u00f1ado cursos de trompeta y masterclass con una duraci\u00f3n variable (en funci\u00f3n de la necesidades de cada conservatorio o instituci\u00f3n) en los que se trabajan diferentes aspectos (a continuaci\u00f3n) pensando en todo momento en que el estudiante pueda llevarse un producto aplicable al estudio en su casa.<\/p>\n\n\n\n<ul class=\"wp-block-list\">\n<li>T\u00e9cnicas de estudio.<\/li>\n\n\n\n<li>Ejercicios pr\u00e1cticos para el calentamiento.<\/li>\n\n\n\n<li>Ejercicios pr\u00e1cticos para el trabajo de habilidades b\u00e1sicas en la trompeta: ciclo respiratorio, posici\u00f3n con el instrumento, producci\u00f3n del sonido, etc.<\/li>\n\n\n\n<li>Ejercicios de habilidades complejas: Ejercicios de \u201cflexibilidad\u201d, articulaci\u00f3n o legatto con velocidad o altas dificuldades.<\/li>\n\n\n\n<li>Atenci\u00f3n individualizada de casos de manera p\u00fablica o en sesiones privadas.<\/li>\n<\/ul>\n\n\n\n<h2 class=\"wp-block-heading\" id=\"conferences\">Conferencias<\/h2>\n\n\n\n<p>Con una duraci\u00f3n de 1 hora 30 minutos por conferencia (70 minutos + 20 de preguntas):<\/p>\n\n\n\n<div class=\"wp-block-genesis-blocks-gb-accordion gb-block-accordion\"><details><summary class=\"gb-accordion-title\"><em>Qu\u00e9 podemos aprender los pedagogos musicales de los entrenadores de Ping Pong<\/em><\/summary><div class=\"gb-accordion-text\">\n<p>Una comparaci\u00f3n entre la manera que organizan los entrenamientos y los proyectos de desarrollo los entrenadores de Ping Pong y los profesores de un instrumento musical.<\/p>\n<\/div><\/details><\/div>\n\n\n\n<div class=\"wp-block-genesis-blocks-gb-accordion gb-block-accordion\"><details><summary class=\"gb-accordion-title\"><em>El dominio del instrumento musical: un modelo te\u00f3rico con muchas aplicaciones en aula de instrumento<\/em><\/summary><div class=\"gb-accordion-text\">\n<p>Se presenta el modelo te\u00f3rico del dominio del instrumento musical desarrollado por el Dr. Albert a trav\u00e9s de ejemplos sencillos y de una manera muy visual. Se muestran aplicaciones pr\u00e1cticas para el dise\u00f1o del entrenamiento personal o para el seguimiento de estudiantes.<\/p>\n<\/div><\/details><\/div>\n\n\n\n<div class=\"wp-block-genesis-blocks-gb-accordion gb-block-accordion\"><details><summary class=\"gb-accordion-title\"><em>T\u00e1cticas de entrenamiento para el alto rendimiento en la m\u00fasica<\/em><\/summary><div class=\"gb-accordion-text\">\n<p>Se muestran en un conjunto de t\u00e1cticas de entrenamiento y\/o t\u00e9cnicas de estudio que favorecen un desarrollo m\u00e1s r\u00e1pido de las habilidades. Se comparan algunas estrategias cl\u00e1sicas como la incorporaci\u00f3n progresiva de dificultad a los ejercicios con otras m\u00e1s novedosas como el <em>reversal learning <\/em>o el dise\u00f1o de ejercicios autorregulados.<\/p>\n<\/div><\/details><\/div>\n","protected":false},"excerpt":{"rendered":"<p>La educaci\u00f3n es mi otro amor. De joven nunca pens\u00e9 dedicarme a la educaci\u00f3n pero, para poder compaginar mis estudios musicales con una carrera universitaria, decid\u00ed entrar en Magisterio Musical.&nbsp; [&hellip;]<\/p>\n","protected":false},"author":1,"featured_media":0,"parent":0,"menu_order":0,"comment_status":"closed","ping_status":"closed","template":"","meta":{"_genesis_hide_title":true,"_genesis_hide_breadcrumbs":false,"_genesis_hide_singular_image":false,"_genesis_hide_footer_widgets":false,"_genesis_custom_body_class":"","_genesis_custom_post_class":"","_genesis_layout":"","footnotes":""},"class_list":["post-10","page","type-page","status-publish","entry"],"featured_image_src":null,"featured_image_src_square":null,"_links":{"self":[{"href":"https:\/\/jordialbert.com\/es\/wp-json\/wp\/v2\/pages\/10","targetHints":{"allow":["GET"]}}],"collection":[{"href":"https:\/\/jordialbert.com\/es\/wp-json\/wp\/v2\/pages"}],"about":[{"href":"https:\/\/jordialbert.com\/es\/wp-json\/wp\/v2\/types\/page"}],"author":[{"embeddable":true,"href":"https:\/\/jordialbert.com\/es\/wp-json\/wp\/v2\/users\/1"}],"replies":[{"embeddable":true,"href":"https:\/\/jordialbert.com\/es\/wp-json\/wp\/v2\/comments?post=10"}],"version-history":[{"count":35,"href":"https:\/\/jordialbert.com\/es\/wp-json\/wp\/v2\/pages\/10\/revisions"}],"predecessor-version":[{"id":970,"href":"https:\/\/jordialbert.com\/es\/wp-json\/wp\/v2\/pages\/10\/revisions\/970"}],"wp:attachment":[{"href":"https:\/\/jordialbert.com\/es\/wp-json\/wp\/v2\/media?parent=10"}],"curies":[{"name":"wp","href":"https:\/\/api.w.org\/{rel}","templated":true}]}}