{"id":249,"date":"2023-03-10T17:13:15","date_gmt":"2023-03-10T17:13:15","guid":{"rendered":"https:\/\/jordialbert.com\/researcher\/"},"modified":"2023-07-30T23:53:44","modified_gmt":"2023-07-30T23:53:44","slug":"researcher","status":"publish","type":"page","link":"https:\/\/jordialbert.com\/en\/researcher\/","title":{"rendered":"Researcher"},"content":{"rendered":"\n<div class=\"wp-block-genesis-blocks-gb-columns gpb-slate-section-hero-title gb-layout-columns-1 one-column gb-has-background-dim gb-has-background-dim-20 gb-background-cover gb-background-no-repeat gb-has-custom-background-color gb-has-custom-text-color gb-columns-center alignfull\" style=\"padding-top:5em;padding-right:1em;padding-bottom:5em;padding-left:1em;background-color:#1f1f1f;color:#f5f5f5;background-image:url(https:\/\/jordialbert.com\/wp-content\/uploads\/2023\/07\/IMG_4552_2-scaled.jpg);background-position:26% 21%\"><div class=\"gb-layout-column-wrap gb-block-layout-column-gap-1 gb-is-responsive-column\" style=\"max-width:1200px\">\n<div class=\"wp-block-genesis-blocks-gb-column gb-block-layout-column\"><div class=\"gb-block-layout-column-inner\">\n<div class=\"wp-block-genesis-blocks-gb-columns gb-layout-columns-2 gb-2-col-wideleft gb-columns-center alignfull\"><div class=\"gb-layout-column-wrap gb-block-layout-column-gap-8 gb-is-responsive-column\" style=\"max-width:1200px\">\n<div class=\"wp-block-genesis-blocks-gb-column gb-block-layout-column gb-is-vertically-aligned-top\"><div class=\"gb-block-layout-column-inner\">\n<h2 class=\"wp-block-heading has-text-color\" style=\"color:#f5f5f5;font-size:60px\">Researcher<\/h2>\n\n\n\n<p class=\"has-text-color\" style=\"color:#f5f5f5\"><\/p>\n<\/div><\/div>\n\n\n\n<div class=\"wp-block-genesis-blocks-gb-column gb-block-layout-column gb-is-vertically-aligned-center\"><div class=\"gb-block-layout-column-inner\">\n<p><\/p>\n<\/div><\/div>\n<\/div><\/div>\n<\/div><\/div>\n<\/div><\/div>\n\n\n\n<div style=\"color:#ddd\" class=\"wp-block-genesis-blocks-gb-spacer gb-block-spacer gb-divider-solid gb-divider-size-1\"><hr style=\"height:30px\"\/><\/div>\n\n\n\n<p>I discovered (real) scientific research on a trip to Cuba in 2007. There I studied for a long time with some excellent specialists in psychology and pedagogy.<\/p>\n\n\n<div class=\"su-spoiler su-spoiler-style-default su-spoiler-icon-plus su-spoiler-closed\" data-scroll-offset=\"0\" data-anchor-in-url=\"no\"><div class=\"su-spoiler-title\" tabindex=\"0\" role=\"button\"><span class=\"su-spoiler-icon\"><\/span>Read more...<\/div><div class=\"su-spoiler-content su-u-clearfix su-u-trim\">\n<p>In those stays, I realized that I had been empirically researching for a very long time. I began to understand the usefulness of research in education through the participatory action research paradigm and I was delighted with it.<\/p>\n<p>I learned many research strategies, techniques, and resources, but the most important thing was to understand, from the bottom of the matter, the usefulness and importance of research in education. Since then, that butterfly flutters in my stomach whenever it comes to seeing a human being learning.<\/p>\n<p>I love to observe the phenomenon of learning. In a child, in an adult, in the way we re-learn to walk when any accident happens, the way we practice a sport as a hobby, how we solve a problem to play an instrument, or whatever. If it has to do with learning, I&#8217;m interested.<\/p>\n<p>I worked as an intern at my university in Castell\u00f3n, in Havana, in research teams in Mexico City and Valencia, until I directed research projects or departments in Barcelona or directed educational research centers. Undoubtedly, a path that has marked my life.<\/p>\n<\/div><\/div>\n\n\n\n<p>I am currently the director of the <a href=\"https:\/\/gimur.org\">Global Institute for Music Research<\/a>. A huge project that we have been developing for years with a great team.<\/p>\n\n\n\n<p>I have written some communications on the subject and I leave them here in a list, briefly outlined in case they may be of interest to anyone. <\/p>\n\n\n\n<h2 class=\"wp-block-heading\">Publications<\/h2>\n\n\n\n<h4 class=\"wp-block-heading\" id=\"thesis\"><strong>Learning Difficulties in Expert Motor Performance on the trumpet. Doctoral dissertation.<\/strong><\/h4>\n\n\n<div class=\"wp-block-image\">\n<figure class=\"alignleft size-large is-resized\"><a href=\"https:\/\/doi.org\/10.4995\/Thesis\/10251\/90538\"><img loading=\"lazy\" decoding=\"async\" src=\"https:\/\/jordialbert.com\/wp-content\/uploads\/2023\/03\/Tesis-724x1024.jpg\" alt=\"\" class=\"wp-image-158\" width=\"181\" height=\"256\" srcset=\"https:\/\/jordialbert.com\/wp-content\/uploads\/2023\/03\/Tesis-724x1024.jpg 724w, https:\/\/jordialbert.com\/wp-content\/uploads\/2023\/03\/Tesis-212x300.jpg 212w, https:\/\/jordialbert.com\/wp-content\/uploads\/2023\/03\/Tesis-768x1087.jpg 768w, https:\/\/jordialbert.com\/wp-content\/uploads\/2023\/03\/Tesis-1085x1536.jpg 1085w, https:\/\/jordialbert.com\/wp-content\/uploads\/2023\/03\/Tesis-624x883.jpg 624w, https:\/\/jordialbert.com\/wp-content\/uploads\/2023\/03\/Tesis.jpg 1240w\" sizes=\"auto, (max-width: 181px) 100vw, 181px\" \/><\/a><\/figure><\/div>\n\n\n<p>Albert, J. (2017) Dificultades de Aprendizaje en la Pr\u00e1ctica Motriz Experta en la Trompeta. Polytechnic University of Valencia. <a href=\"https:\/\/doi.org\/10.4995\/Thesis\/10251\/90538\">https:\/\/doi.org\/10.4995\/Thesis\/10251\/90538.<\/a><\/p>\n\n\n\n<p>In this paper I present a total of 64 cases of attention to learning difficulties. Chapter 1 contains the theoretical justification. Chapter 2 presents a historical analysis of trumpet methodology in relation to the nineteenth-century concept of talent. Chapter 3 shares a theory specific to expert motor practice (EMP) and the specific learning difficulties of the skill set that make up EMP.<\/p>\n\n\n\n<h3 class=\"wp-block-heading\" id=\"books\"><strong>Books<\/strong><\/h3>\n\n\n<div class=\"wp-block-image\">\n<figure class=\"alignleft size-large is-resized\"><img loading=\"lazy\" decoding=\"async\" src=\"https:\/\/jordialbert.com\/wp-content\/uploads\/2023\/03\/Diario-de-un-aprendiz-de-musica-1024x716.jpg\" alt=\"\" class=\"wp-image-155\" width=\"256\" height=\"179\" srcset=\"https:\/\/jordialbert.com\/wp-content\/uploads\/2023\/03\/Diario-de-un-aprendiz-de-musica-1024x716.jpg 1024w, https:\/\/jordialbert.com\/wp-content\/uploads\/2023\/03\/Diario-de-un-aprendiz-de-musica-300x210.jpg 300w, https:\/\/jordialbert.com\/wp-content\/uploads\/2023\/03\/Diario-de-un-aprendiz-de-musica-768x537.jpg 768w, https:\/\/jordialbert.com\/wp-content\/uploads\/2023\/03\/Diario-de-un-aprendiz-de-musica-1536x1074.jpg 1536w, https:\/\/jordialbert.com\/wp-content\/uploads\/2023\/03\/Diario-de-un-aprendiz-de-musica-624x436.jpg 624w, https:\/\/jordialbert.com\/wp-content\/uploads\/2023\/03\/Diario-de-un-aprendiz-de-musica.jpg 1733w\" sizes=\"auto, (max-width: 256px) 100vw, 256px\" \/><\/figure><\/div>\n\n\n<h4 class=\"wp-block-heading\"><strong>Diario de un aprendiz de m\u00fasica (Spanish) <\/strong><\/h4>\n\n\n\n<p>Albert, J. and Medina, O (2018) <em>Diario de un aprendiz de m\u00fasica<\/em>. International Research Institute for Music Learning. <\/p>\n\n\n\n<p>It is a didactic material designed in conjunction with artist and designer Oded Medina. It is a diary where the student takes note of his progress in a simple way through a series of sections. The material allows to support the musical instrument classes in the music school or conservatory and to collect the learning, the teacher&#8217;s suggestions and the general follow-up of the process. It includes a record of the auditions, of each week&#8217;s objectives, a record of progress in the study of tonalities, a record of sensations and emotions surrounding learning, among many other aspects. All this induces the development of different skills that are considered essential for the practice of a musical instrument. <\/p>\n\n\n<div class=\"wp-block-image\">\n<figure class=\"alignleft size-full is-resized\"><img loading=\"lazy\" decoding=\"async\" src=\"https:\/\/jordialbert.com\/wp-content\/uploads\/2023\/03\/tocar-la-bateria-sin-dolor.jpg\" alt=\"\" class=\"wp-image-154\" width=\"187\" height=\"294\" srcset=\"https:\/\/jordialbert.com\/wp-content\/uploads\/2023\/03\/tocar-la-bateria-sin-dolor.jpg 471w, https:\/\/jordialbert.com\/wp-content\/uploads\/2023\/03\/tocar-la-bateria-sin-dolor-191x300.jpg 191w\" sizes=\"auto, (max-width: 187px) 100vw, 187px\" \/><\/figure><\/div>\n\n\n<h4 class=\"wp-block-heading\"><strong>Tocar la bater\u00eda sin dolor (Spanish) <\/strong><\/h4>\n\n\n\n<p>Albert, J. and Mercado, C (2018) <em>Tocar la bater\u00eda sin dolor<\/em>. International Research Institute for Music Learning. <\/p>\n\n\n\n<p>This book presents the case of the co-author, Carlos Mercado, of the application of the methodology for the attention of learning difficulties designed by Dr. Albert. It starts with an autobiographical study, describes the problem from a narrative style and proposes the project to be followed. Each of the stages is described, as well as the progress made and the difficulties encountered.<\/p>\n\n\n\n<h3 class=\"wp-block-heading\" id=\"papers\"><strong>Papers<\/strong><\/h3>\n\n\n\n<p>Albert Gargallo, J. (2012). Learning jazz at the conservatory, a list of subjects or a work project? <em>Eufon\u00eda: Did\u00e1ctica de la m\u00fasica<\/em>, (55), 16-25. <a href=\"https:\/\/dialnet.unirioja.es\/servlet\/articulo?codigo=3891559\">https:\/\/dialnet.unirioja.es\/servlet\/articulo?codigo=3891559<\/a><\/p>\n\n\n\n<p>Albert, J., &amp; Alarc\u00f3n, S (2016). The family and music education as a means for the reconstruction of the social fabric: the CEMIJAZZ Project. <em>Didac<\/em>, (67), 59-66. https:\/\/revistas. <a href=\"https:\/\/revistas.ibero.mx\/didac\/articulo_detalle.php?id_volumen=21&amp;id_articulo=269\">ibero.mx\/didac\/articulo_detalle.php?id_volumen=21&amp;id_articulo=269<\/a><\/p>\n\n\n\n<p>Garcia-Romeu, M. L., Trias, M., Ferrer, I., Albert, J., &amp; Canet, D. (2019). Early design of a French Horn&#8217;s support for younger players (students from 7 to 12 years). <em>Procedia Manufacturing<\/em>, <em>41<\/em>, 1141-1148. <a href=\"https:\/\/www.sciencedirect.com\/science\/article\/pii\/S2351978919312065\">https:\/\/www.sciencedirect.com\/science\/article\/pii\/S2351978919312065<\/a><\/p>\n\n\n\n<p>Albert Gargallo, J. (2022). The practice of evaluation in non-formal contexts: its application to the conservatory. <em>Euphony: didactics of music.<\/em> <a href=\"https:\/\/redined.educacion.gob.es\/xmlui\/handle\/11162\/238060\">https:\/\/redined.educacion.gob.es\/xmlui\/handle\/11162\/238060<\/a><\/p>\n\n\n\n<h3 class=\"wp-block-heading\"><strong>Outreach articles.<\/strong><\/h3>\n\n\n\n<p>Albert Gargallo, J. (2014). Yo no sirvo para la m\u00fasica. <em>Trumpetland articles. <\/em>ISSN: 2254-8521<\/p>\n\n\n\n<p>Albert Gargallo, J. (2015a). Respira con el diafragma. <em>Trumpetland articles. <\/em>ISSN: 2254-8521<\/p>\n\n\n\n<p>Albert Gargallo, J. (2015b). Acabar con un nudo en la lengua. <em>Trumpetland articles. <\/em>ISSN: 2254-8521<\/p>\n\n\n\n<p>Albert Gargallo, J. (2015c) The great problem of music learning. <em>Trumpetland articles. <\/em>ISSN: 2254-8521<\/p>\n\n\n\n<p>Albert Gargallo, J. (2015d) M\u00e9tele un poquito. <em>Trumpetland articles. <\/em>ISSN: 2254-8521<\/p>\n\n\n\n<p>Albert Gargallo, J. (2015e). La embocadura ideal. <em>Trumpetland articles. <\/em>ISSN: 2254-8521<\/p>\n\n\n\n<p>Albert, J. (2015f). \u00bfHasta qu\u00e9 nota llegas? <em>Trumpetland articles. <\/em>ISSN: 2254-8521<\/p>\n\n\n\n<p>Albert Gargallo, J. (2016a) Si no quieren tocar boquilla les damos boquil\u00edneas. <em>Trumpetland articles. <\/em>ISSN: 2254-8521<\/p>\n\n\n\n<p>Albert Gargallo, J. (2016b) C\u00f3mo prevenir lesiones en la embocadura en \u00e9pocas de muchas actuaciones. <em>Trumpetland articles. <\/em>ISSN: 2254-852<\/p>\n","protected":false},"excerpt":{"rendered":"<p>I discovered (real) scientific research on a trip to Cuba in 2007. There I studied for a long time with some excellent specialists in psychology and pedagogy. I am currently [&hellip;]<\/p>\n","protected":false},"author":1,"featured_media":232,"parent":0,"menu_order":0,"comment_status":"closed","ping_status":"closed","template":"","meta":{"_genesis_hide_title":true,"_genesis_hide_breadcrumbs":false,"_genesis_hide_singular_image":false,"_genesis_hide_footer_widgets":false,"_genesis_custom_body_class":"","_genesis_custom_post_class":"","_genesis_layout":"","footnotes":""},"class_list":["post-249","page","type-page","status-publish","has-post-thumbnail","entry"],"featured_image_src":"https:\/\/jordialbert.com\/wp-content\/uploads\/2023\/03\/jordi-researcher.jpg","featured_image_src_square":"https:\/\/jordialbert.com\/wp-content\/uploads\/2023\/03\/jordi-researcher.jpg","_links":{"self":[{"href":"https:\/\/jordialbert.com\/en\/wp-json\/wp\/v2\/pages\/249","targetHints":{"allow":["GET"]}}],"collection":[{"href":"https:\/\/jordialbert.com\/en\/wp-json\/wp\/v2\/pages"}],"about":[{"href":"https:\/\/jordialbert.com\/en\/wp-json\/wp\/v2\/types\/page"}],"author":[{"embeddable":true,"href":"https:\/\/jordialbert.com\/en\/wp-json\/wp\/v2\/users\/1"}],"replies":[{"embeddable":true,"href":"https:\/\/jordialbert.com\/en\/wp-json\/wp\/v2\/comments?post=249"}],"version-history":[{"count":40,"href":"https:\/\/jordialbert.com\/en\/wp-json\/wp\/v2\/pages\/249\/revisions"}],"predecessor-version":[{"id":981,"href":"https:\/\/jordialbert.com\/en\/wp-json\/wp\/v2\/pages\/249\/revisions\/981"}],"wp:featuredmedia":[{"embeddable":true,"href":"https:\/\/jordialbert.com\/en\/wp-json\/wp\/v2\/media\/232"}],"wp:attachment":[{"href":"https:\/\/jordialbert.com\/en\/wp-json\/wp\/v2\/media?parent=249"}],"curies":[{"name":"wp","href":"https:\/\/api.w.org\/{rel}","templated":true}]}}