{"id":248,"date":"2023-03-10T17:12:43","date_gmt":"2023-03-10T17:12:43","guid":{"rendered":"https:\/\/jordialbert.com\/pedagogue\/"},"modified":"2023-07-30T23:44:53","modified_gmt":"2023-07-30T23:44:53","slug":"pedagogue","status":"publish","type":"page","link":"https:\/\/jordialbert.com\/en\/pedagogue\/","title":{"rendered":"Pedagogue"},"content":{"rendered":"\n<div class=\"wp-block-genesis-blocks-gb-columns gpb-slate-section-hero-title gb-layout-columns-1 one-column gb-has-background-dim gb-has-background-dim-20 gb-background-cover gb-background-no-repeat gb-has-custom-background-color gb-has-custom-text-color gb-columns-center alignfull\" style=\"padding-top:5em;padding-right:1em;padding-bottom:5em;padding-left:1em;background-color:#1f1f1f;color:#f5f5f5;background-image:url(https:\/\/jordialbert.com\/wp-content\/uploads\/2023\/07\/IMG_4421-scaled.jpg);background-position:34% 15%\"><div class=\"gb-layout-column-wrap gb-block-layout-column-gap-1 gb-is-responsive-column\" style=\"max-width:1200px\">\n<div class=\"wp-block-genesis-blocks-gb-column gb-block-layout-column\"><div class=\"gb-block-layout-column-inner\">\n<div class=\"wp-block-genesis-blocks-gb-columns gb-layout-columns-2 gb-2-col-wideleft gb-columns-center alignfull\"><div class=\"gb-layout-column-wrap gb-block-layout-column-gap-8 gb-is-responsive-column\" style=\"max-width:1200px\">\n<div class=\"wp-block-genesis-blocks-gb-column gb-block-layout-column gb-is-vertically-aligned-top\"><div class=\"gb-block-layout-column-inner\">\n<h2 class=\"wp-block-heading has-text-color\" style=\"color:#f5f5f5;font-size:60px\">Pedagogue<\/h2>\n\n\n\n<p class=\"has-text-color\" style=\"color:#f5f5f5\"><\/p>\n<\/div><\/div>\n\n\n\n<div class=\"wp-block-genesis-blocks-gb-column gb-block-layout-column gb-is-vertically-aligned-center\"><div class=\"gb-block-layout-column-inner\">\n<p><\/p>\n<\/div><\/div>\n<\/div><\/div>\n<\/div><\/div>\n<\/div><\/div>\n\n\n\n<div style=\"color:#ddd\" class=\"wp-block-genesis-blocks-gb-spacer gb-block-spacer gb-divider-solid gb-divider-size-1\"><hr style=\"height:30px\"\/><\/div>\n\n\n\n<p>Education is my other love. When I was young, I never thought I would dedicate my life to anything related to education, but in order to combine my musical studies with a university career, I decided to study Music Education. <\/p>\n\n\n<div class=\"su-spoiler su-spoiler-style-default su-spoiler-icon-plus su-spoiler-closed\" data-scroll-offset=\"0\" data-anchor-in-url=\"no\"><div class=\"su-spoiler-title\" tabindex=\"0\" role=\"button\"><span class=\"su-spoiler-icon\"><\/span>Read more...<\/div><div class=\"su-spoiler-content su-u-clearfix su-u-trim\">\n<p>En pocos meses estaba completamente enamorado de la educaci\u00f3n. Desde ese momento, hace ya 24 a\u00f1os, comenc\u00e9 a pensar c\u00f3mo pod\u00eda aplicar a las clases de trompeta aquello que aprend\u00eda en la universidad. Y lo hice desde ese momento y hasta la fecha. He sido profesor de trompeta, pedagog\u00eda general, did\u00e1ctica de la m\u00fasica, etc en Conservatorios Superiores, Conservatorios de grado medio, escuelas de m\u00fasica, Facultades de M\u00fasica y en Proyectos sociales.<\/p>\n<p>Me interes\u00f3, y me sigue interesando, observar a las personas aprender. Me parece algo fascinante. Comenc\u00e9 a observar la manera en la que mis compa\u00f1eros y yo aprend\u00edamos a tocar los instrumentos musicales. La manera en la que resolv\u00edamos dificultades, a qu\u00e9 se deb\u00eda un desarrollo mayor de unos al respecto de otros.<\/p>\n<p>Comenc\u00e9 a observar hace m\u00e1s de 20 a\u00f1os c\u00f3mo aprend\u00edan los autodidactas o las personas que participaban en entornos no formales (como las bandas de m\u00fasica en aquel tiempo). Quedaba anonadado con las historias de vida de personas que \u201cno hab\u00edan estudiado\u201d (en un entorno formal como el conservatorio) pero tocaban genial. <\/p>\n<p>Me especialic\u00e9 m\u00e1s tarde en pedagog\u00eda general, y concretamente en dise\u00f1o curricular. Aquel era un mundo incre\u00edble. Tuve la oportunidad de trabajar como director en dos procesos de dise\u00f1o curricular nacional (Guatemala y M\u00e9xico). <\/p>\n<p>Y luego trabaj\u00e9 en la administraci\u00f3n educativa como director de Facultad, coordinador acad\u00e9mico, etc. \u00a1Uf! qu\u00e9 trabajo m\u00e1s dif\u00edcil. He visto el fen\u00f3meno educativo desde diferentes perspectivas durante todos estos a\u00f1os.<\/p>\n<p>En 2012 inici\u00e9, de manera formal, una investigaci\u00f3n muy profunda en torno a las dificultades de aprendizaje que se presentan al aprender instrumentos musicales. Primero con la trompeta, luego con otros instrumentos de viento metal y, finalmente con la mayor\u00eda de instrumentos. Desarroll\u00e9 teor\u00edas propias en torno a la manera en la que aprendemos a tocar un instrumento, por qu\u00e9 se pueden presentar dificultades y c\u00f3mo antederlas (o prevenirlas). En 2014 fund\u00e9 un centro de atenci\u00f3n especializada por el que han pasado m\u00e1s de 500 m\u00fasicos.<\/p>\n<p>He podido compartir mi experiencia en m\u00e1s de 200 cursos y conferencias por diferentes partes del mundo. Desde el Conservatorio Superior de Par\u00eds, la Universidad de Florida, o el Real Conservatorio de Madrid hasta muchos pueblos de la geograf\u00eda espa\u00f1ola, mexicana o colombiana. Y en todos los casos, por igual, ha sido una experiencia fascinante.<\/p>\n<\/div><\/div>\n\n\n\n<h2 class=\"wp-block-heading\" id=\"studio\">JordiAlbertStudio<\/h2>\n\n\n\n<p>It is a center of attention for musicians from different educational backgrounds who find themselves in one of these situations:<\/p>\n\n\n\n<ul class=\"wp-block-list\">\n<li>They want to improve their performance in training or music practice.<\/li>\n\n\n\n<li>They face a health problem that interacts with the practice of their instrument.<\/li>\n\n\n\n<li>They have developed learning difficulties with the instrument.<\/li>\n<\/ul>\n\n\n\n<p>If you are interested in learning more you can write to me at <a href=\"mailto:info@jordialbert.com\">info@jordialbert.com<\/a>.<\/p>\n\n\n\n<h2 class=\"wp-block-heading\" id=\"teacher-trainings\">Teacher trainings<\/h2>\n\n\n\n<p>As a summary of the above experience, I have designed several teacher training courses that may be useful for music teachers interested in learning new resources.  <\/p>\n\n\n\n<div class=\"wp-block-genesis-blocks-gb-accordion gb-block-accordion\"><details><summary class=\"gb-accordion-title\"><em>Towards a pedagogy of humanly compatible musical instruments<\/em><\/summary><div class=\"gb-accordion-text\">\n<p><strong>Synopsis<\/strong>: There is currently a wealth of information from different disciplines such as psychology, neuroscience, general pedagogy, music pedagogy, neuromotor skills. The pedagogy of musical instruments must let go of its past anchors (without renouncing the positive aspects) in order to consolidate a new vision of music pedagogy. This course presents a series of collective reflections on the existing body of knowledge to motivate teachers towards methodological or paradigmatic change where appropriate.<\/p>\n\n\n\n<p><strong>Duration<\/strong>: between 8 and 20 hours.<\/p>\n<\/div><\/details><\/div>\n\n\n\n<div class=\"wp-block-genesis-blocks-gb-accordion gb-block-accordion\"><details><summary class=\"gb-accordion-title\"><em>Biomechanical and neuromotor aspects in music pedagogy<\/em><\/summary><div class=\"gb-accordion-text\">\n<p><strong>Synopsis<\/strong>: The current knowledge surrounding movement issues has been extremely developed by neuromotor science in recent years. This, together with the knowledge of biomechanics, can be tremendously useful in developing a kind of instrument to develop methodological resources, support evaluation, etc. This course presents this information with a practical application for the attention of learning difficulties, injury prevention or high-performance development.<\/p>\n\n\n\n<p><strong>Duration<\/strong>: between 20 and 80 hours (depending on the number of instrumentalists and teachers of different instruments participating).<\/p>\n<\/div><\/details><\/div>\n\n\n\n<div class=\"wp-block-genesis-blocks-gb-accordion gb-block-accordion\"><details><summary class=\"gb-accordion-title\"><em>Class programming design: a vision from the philosophy of education, curriculum design, and evaluation theories<\/em><\/summary><div class=\"gb-accordion-text\">\n<p><strong>Synopsis<\/strong>: This course is oriented to the design of class programs really applicable to the classroom as a main tool. Unfortunately, there is a distancing of music faculty from the design or assessment instruments. This is because they may not be useful when they have not been properly prepared or designed. Music teachers are not reluctant to use them as long as they can be useful in the classroom. The course presents the different theories with their practical application and a model of mastery of the musical instrument developed by the teacher that allows the elaboration of the programming in a very simple way. As a result, class programs are worked on and corrected.<\/p>\n\n\n\n<p><strong>Duration<\/strong>: between 30 and 120 hours (depending on the number of instrumentalists and teachers of different instruments participating).<\/p>\n<\/div><\/details><\/div>\n\n\n\n<div class=\"wp-block-genesis-blocks-gb-accordion gb-block-accordion\"><details><summary class=\"gb-accordion-title\"><em>Integration projects of the arts in preschool, primary, and secondary education<\/em><\/summary><div class=\"gb-accordion-text\">\n<p><strong>Synopsis<\/strong>: In recent years, Dr. Jordi Albert has directed arts integration projects in preschool, primary and secondary schools. As director of the Research Center for the Integrated Learning of Arts, Languages and Content, he is dedicated to developing methodological strategies, teacher training and educational research projects in basic education centers. This course addresses the theoretical principles that support such integration as well as concrete strategies to be applied in basic education centers.<\/p>\n\n\n\n<p><strong>Duration<\/strong>: between 20 and 80 hours.<\/p>\n<\/div><\/details><\/div>\n\n\n\n<h2 class=\"wp-block-heading\" id=\"trumpet-bootcamps\">Trumpet workshops<\/h2>\n\n\n\n<p>As a result of all the information I have been able to collect to date I have designed trumpet workshops and masterclasses with a variable duration (depending on the needs of each conservatory or institution) in which different aspects are worked (below) thinking at all times that the student can take a product applicable to the study at home.<\/p>\n\n\n\n<ul class=\"wp-block-list\">\n<li>Study techniques.<\/li>\n\n\n\n<li>Practical warm-up exercises.<\/li>\n\n\n\n<li>Practical exercises to work on basic skills on the trumpet: breathing cycle, position with the instrument, sound production, etc.<\/li>\n\n\n\n<li>Complex skills exercises: Exercises of &#8220;flexibility&#8221;, articulation, or legato with speed or high difficulty.<\/li>\n\n\n\n<li>Individualized attention to cases in public or private sessions.<\/li>\n<\/ul>\n\n\n\n<h2 class=\"wp-block-heading\" id=\"conferences\">Conferences<\/h2>\n\n\n\n<p>With a duration of 1 hour and 30 minutes per conference (70 minutes + 20 minutes of questions).<\/p>\n\n\n\n<div class=\"wp-block-genesis-blocks-gb-accordion gb-block-accordion\"><details><summary class=\"gb-accordion-title\"><em>What can music educators learn from Ping Pong coaches?<\/em><\/summary><div class=\"gb-accordion-text\">\n<p>A comparison between the way Ping Pong coaches and teachers of a musical instrument organize training and development projects.<\/p>\n<\/div><\/details><\/div>\n\n\n\n<div class=\"wp-block-genesis-blocks-gb-accordion gb-block-accordion\"><details><summary class=\"gb-accordion-title\"><em>The mastery of the musical instrument: a theoretical model with many applications in the instrument classroom<\/em><\/summary><div class=\"gb-accordion-text\">\n<p>The theoretical model of musical instrument mastery developed by Dr. Albert is presented through simple examples and in a very visual way. Practical applications are shown for personal training design or for student follow-up.<\/p>\n<\/div><\/details><\/div>\n\n\n\n<div class=\"wp-block-genesis-blocks-gb-accordion gb-block-accordion\"><details><summary class=\"gb-accordion-title\"><em>Training tactics for high performance in music<\/em><\/summary><div class=\"gb-accordion-text\">\n<p>They are shown in a set of training tactics and\/or study techniques that favor faster skill development. Some classical strategies such as the progressive incorporation of difficulty to the exercises are compared with other more novel strategies such as <em>reversal learning <\/em>or the design of self-regulated exercises.<\/p>\n<\/div><\/details><\/div>\n","protected":false},"excerpt":{"rendered":"<p>Education is my other love. When I was young, I never thought I would dedicate my life to anything related to education, but in order to combine my musical studies [&hellip;]<\/p>\n","protected":false},"author":1,"featured_media":0,"parent":0,"menu_order":0,"comment_status":"closed","ping_status":"closed","template":"","meta":{"_genesis_hide_title":true,"_genesis_hide_breadcrumbs":false,"_genesis_hide_singular_image":false,"_genesis_hide_footer_widgets":false,"_genesis_custom_body_class":"","_genesis_custom_post_class":"","_genesis_layout":"","footnotes":""},"class_list":["post-248","page","type-page","status-publish","entry"],"featured_image_src":null,"featured_image_src_square":null,"_links":{"self":[{"href":"https:\/\/jordialbert.com\/en\/wp-json\/wp\/v2\/pages\/248","targetHints":{"allow":["GET"]}}],"collection":[{"href":"https:\/\/jordialbert.com\/en\/wp-json\/wp\/v2\/pages"}],"about":[{"href":"https:\/\/jordialbert.com\/en\/wp-json\/wp\/v2\/types\/page"}],"author":[{"embeddable":true,"href":"https:\/\/jordialbert.com\/en\/wp-json\/wp\/v2\/users\/1"}],"replies":[{"embeddable":true,"href":"https:\/\/jordialbert.com\/en\/wp-json\/wp\/v2\/comments?post=248"}],"version-history":[{"count":50,"href":"https:\/\/jordialbert.com\/en\/wp-json\/wp\/v2\/pages\/248\/revisions"}],"predecessor-version":[{"id":969,"href":"https:\/\/jordialbert.com\/en\/wp-json\/wp\/v2\/pages\/248\/revisions\/969"}],"wp:attachment":[{"href":"https:\/\/jordialbert.com\/en\/wp-json\/wp\/v2\/media?parent=248"}],"curies":[{"name":"wp","href":"https:\/\/api.w.org\/{rel}","templated":true}]}}